{"id":6461,"date":"2018-05-28T13:43:32","date_gmt":"2018-05-28T13:43:32","guid":{"rendered":"http:\/\/themeforest.unitedthemes.com\/wpversions\/brooklyn\/xml\/demo23\/contact-2-2\/"},"modified":"2018-05-28T13:43:32","modified_gmt":"2018-05-28T13:43:32","slug":"contact-2-2","status":"publish","type":"page","link":"https:\/\/szigetelesjol.hu\/index.php\/contact-2-2\/","title":{"rendered":"Contact 2"},"content":{"rendered":"<div class=\"wpb-content-wrapper\"><p>[vc_section][vc_row equal_height=&#8221;yes&#8221; content_placement=&#8221;middle&#8221;][vc_column]<div class=\"wpb_content_element \"><style type=\"text\/css\"><\/style><header id=\"ut_header_6a05eb2a5b6e8\" class=\"section-header  ut-no-title-linebreak-mobile ut-no-lead-linebreak-mobile pt-style-2 header-center header-tablet-center header-mobile-center element-with-custom-line-height\"><div class=\"element-with-custom-line-height\" ><h2 data-title=\"Call: 548-687-89\"  data-responsive-font=\"section_title\" class=\"section-title  \"><span>Call: 548-687-89<\/span><\/h2><\/div><div data-delay=\"0\" class=\"lead \"><p>We welcome you to <b>contact us<\/b> for more<br \/>\ninformation about any of our products or services.<\/p>\n<\/div><\/header><\/div>[\/vc_column][\/vc_row][vc_row][vc_column width=&#8221;5\/12&#8243;]<div id=\"ut_cf7_colors_6a05eb2a5e4d6\" class=\"wpb_content_element  \"><p class=\"wpcf7-contact-form-not-found\"><strong>Hiba:<\/strong> Kapcsolatfelv\u00e9teli \u0171rlap nem tal\u00e1lhat\u00f3.<\/p><\/div>[\/vc_column][vc_column width=&#8221;7\/12&#8243;]<div class=\"wpb_content_element \"><style type=\"text\/css\">@media (max-width: 767px) {#ut_google_map_wrap6a05eb2a5e6d6 {height: 50vh;}}@media (max-width: 767px) {#ut_google_map_wrap6a05eb2a5e6d6 {width: 100%;}}@media (min-width: 768px) and (max-width: 1024px) {#ut_google_map_wrap6a05eb2a5e6d6 {height: 50vh;}}@media (min-width: 768px) and (max-width: 1024px) {#ut_google_map_wrap6a05eb2a5e6d6 {width: 100%;}}@media (min-width: 1025px) {#ut_google_map_wrap6a05eb2a5e6d6 {height: 25vh;}}<\/style><div id=\"ut_google_map_wrap6a05eb2a5e6d6\" class=\"ut-advanced-google-map-wrap  ut-advanced-google-map-wrap-center\"><div id=\"ut_google_map_6a05eb2a5e6d5\" class=\"ut-advanced-google-map\" data-address=\"Brooklyn, NY\" data-api=\"https:\/\/maps.googleapis.com\/maps\/api\/js?key=AIzaSyA7osWiq5k3PfO1rEQPDid_Zdzxeb50zxA\" data-settings=\"{&quot;styles&quot;:[{&quot;featureType&quot;:&quot;water&quot;,&quot;elementType&quot;:&quot;geometry&quot;,&quot;stylers&quot;:[{&quot;color&quot;:&quot;#e9e9e9&quot;},{&quot;lightness&quot;:17}]},{&quot;featureType&quot;:&quot;landscape&quot;,&quot;elementType&quot;:&quot;geometry&quot;,&quot;stylers&quot;:[{&quot;color&quot;:&quot;#f5f5f5&quot;},{&quot;lightness&quot;:20}]},{&quot;featureType&quot;:&quot;road.highway&quot;,&quot;elementType&quot;:&quot;geometry.fill&quot;,&quot;stylers&quot;:[{&quot;color&quot;:&quot;#ffffff&quot;},{&quot;lightness&quot;:17}]},{&quot;featureType&quot;:&quot;road.highway&quot;,&quot;elementType&quot;:&quot;geometry.stroke&quot;,&quot;stylers&quot;:[{&quot;color&quot;:&quot;#ffffff&quot;},{&quot;lightness&quot;:29},{&quot;weight&quot;:0.2}]},{&quot;featureType&quot;:&quot;road.arterial&quot;,&quot;elementType&quot;:&quot;geometry&quot;,&quot;stylers&quot;:[{&quot;color&quot;:&quot;#ffffff&quot;},{&quot;lightness&quot;:18}]},{&quot;featureType&quot;:&quot;road.local&quot;,&quot;elementType&quot;:&quot;geometry&quot;,&quot;stylers&quot;:[{&quot;color&quot;:&quot;#ffffff&quot;},{&quot;lightness&quot;:16}]},{&quot;featureType&quot;:&quot;poi&quot;,&quot;elementType&quot;:&quot;geometry&quot;,&quot;stylers&quot;:[{&quot;color&quot;:&quot;#f5f5f5&quot;},{&quot;lightness&quot;:21}]},{&quot;featureType&quot;:&quot;poi.park&quot;,&quot;elementType&quot;:&quot;geometry&quot;,&quot;stylers&quot;:[{&quot;color&quot;:&quot;#dedede&quot;},{&quot;lightness&quot;:21}]},{&quot;elementType&quot;:&quot;labels.text.stroke&quot;,&quot;stylers&quot;:[{&quot;visibility&quot;:&quot;on&quot;},{&quot;color&quot;:&quot;#ffffff&quot;},{&quot;lightness&quot;:16}]},{&quot;elementType&quot;:&quot;labels.text.fill&quot;,&quot;stylers&quot;:[{&quot;saturation&quot;:36},{&quot;color&quot;:&quot;#333333&quot;},{&quot;lightness&quot;:40}]},{&quot;elementType&quot;:&quot;labels.icon&quot;,&quot;stylers&quot;:[{&quot;visibility&quot;:&quot;off&quot;}]},{&quot;featureType&quot;:&quot;transit&quot;,&quot;elementType&quot;:&quot;geometry&quot;,&quot;stylers&quot;:[{&quot;color&quot;:&quot;#f2f2f2&quot;},{&quot;lightness&quot;:19}]},{&quot;featureType&quot;:&quot;administrative&quot;,&quot;elementType&quot;:&quot;geometry.fill&quot;,&quot;stylers&quot;:[{&quot;color&quot;:&quot;#fefefe&quot;},{&quot;lightness&quot;:20}]},{&quot;featureType&quot;:&quot;administrative&quot;,&quot;elementType&quot;:&quot;geometry.stroke&quot;,&quot;stylers&quot;:[{&quot;color&quot;:&quot;#fefefe&quot;},{&quot;lightness&quot;:17},{&quot;weight&quot;:1.2}]}],&quot;zoom&quot;:14,&quot;marker&quot;:&quot;https:\\\/\\\/szigetelesjol.hu\\\/wp-content\\\/uploads\\\/2018\\\/05\\\/map-pin.png&quot;} \"><\/div><\/div><\/div>[vc_row_inner equal_height=&#8221;yes&#8221; content_placement=&#8221;bottom&#8221; css=&#8221;.vc_custom_1527719519696{margin-top: 0px !important;}&#8221;][vc_column_inner width=&#8221;1\/2&#8243;]<style type=\"text\/css\">#ut_custom_heading6a05eb2a5e841 { text-align:left; }@media (min-width: 768px) and (max-width: 1024px) { #ut_custom_heading6a05eb2a5e841 { text-align:left; } }@media (max-width: 767px) { #ut_custom_heading6a05eb2a5e841 { text-align:left; } }<\/style><h3 id=\"ut_custom_heading6a05eb2a5e841\" data-responsive-font=\"h3\" class=\"ut-custom-heading-module   vc_custom_1537312164101\" ><span class=\"\" >Web Agency Brooklyn<\/span><\/h3>[vc_column_text]Lorem ipsum dolor sit amet, consetetur sadipscing elitr, sed diam nonumy eirmod tempor invidunt ut.[\/vc_column_text][\/vc_column_inner][vc_column_inner width=&#8221;1\/2&#8243;]<style type=\"text\/css\">#ut_custom_heading6a05eb2a5e872 { text-align:left; }@media (min-width: 768px) and (max-width: 1024px) { #ut_custom_heading6a05eb2a5e872 { text-align:left; } }@media (max-width: 767px) { #ut_custom_heading6a05eb2a5e872 { text-align:left; } }<\/style><h3 id=\"ut_custom_heading6a05eb2a5e872\" data-responsive-font=\"h3\" class=\"ut-custom-heading-module   vc_custom_1537312252463\" ><span class=\"\" >Address<\/span><\/h3>[vc_column_text]Lorem ipsum dolor sit amet, consetetur sadipscing elitr, sed diam nonumy eirmod tempor invidunt ut.[\/vc_column_text][\/vc_column_inner][\/vc_row_inner][\/vc_column][\/vc_row][\/vc_section]<\/p>\n<\/div>","protected":false},"excerpt":{"rendered":"<p>[vc_section][vc_row equal_height=&#8221;yes&#8221; content_placement=&#8221;middle&#8221;][vc_column][\/vc_column][\/vc_row][vc_row][vc_column width=&#8221;5\/12&#8243;][\/vc_column][vc_column width=&#8221;7\/12&#8243;][vc_row_inner equal_height=&#8221;yes&#8221; content_placement=&#8221;bottom&#8221; css=&#8221;.vc_custom_1527719519696{margin-top: 0px !important;}&#8221;][vc_column_inner width=&#8221;1\/2&#8243;][vc_column_text]Lorem ipsum dolor sit amet, consetetur sadipscing elitr, sed diam nonumy eirmod tempor invidunt ut.[\/vc_column_text][\/vc_column_inner][vc_column_inner width=&#8221;1\/2&#8243;][vc_column_text]Lorem ipsum dolor sit amet, consetetur sadipscing elitr, sed diam nonumy eirmod tempor invidunt ut.[\/vc_column_text][\/vc_column_inner][\/vc_row_inner][\/vc_column][\/vc_row][\/vc_section]<\/p>\n","protected":false},"author":1,"featured_media":0,"parent":0,"menu_order":0,"comment_status":"closed","ping_status":"closed","template":"","meta":{"footnotes":""},"class_list":["post-6461","page","type-page","status-publish","hentry"],"_links":{"self":[{"href":"https:\/\/szigetelesjol.hu\/index.php\/wp-json\/wp\/v2\/pages\/6461","targetHints":{"allow":["GET"]}}],"collection":[{"href":"https:\/\/szigetelesjol.hu\/index.php\/wp-json\/wp\/v2\/pages"}],"about":[{"href":"https:\/\/szigetelesjol.hu\/index.php\/wp-json\/wp\/v2\/types\/page"}],"author":[{"embeddable":true,"href":"https:\/\/szigetelesjol.hu\/index.php\/wp-json\/wp\/v2\/users\/1"}],"replies":[{"embeddable":true,"href":"https:\/\/szigetelesjol.hu\/index.php\/wp-json\/wp\/v2\/comments?post=6461"}],"version-history":[{"count":0,"href":"https:\/\/szigetelesjol.hu\/index.php\/wp-json\/wp\/v2\/pages\/6461\/revisions"}],"wp:attachment":[{"href":"https:\/\/szigetelesjol.hu\/index.php\/wp-json\/wp\/v2\/media?parent=6461"}],"curies":[{"name":"wp","href":"https:\/\/api.w.org\/{rel}","templated":true}]}}